{"id":119954,"date":"2024-06-08T06:25:22","date_gmt":"2024-06-08T06:25:22","guid":{"rendered":"https:\/\/gtmprofessional.com\/product\/pro-mes-600\/"},"modified":"2026-05-12T13:00:30","modified_gmt":"2026-05-12T13:00:30","slug":"pro-mes-600","status":"publish","type":"product","link":"https:\/\/gtmprofessional.com\/de\/product\/pro-mes-600\/","title":{"rendered":"PRO mes 600"},"content":{"rendered":"<p>-<\/p>","protected":false},"excerpt":{"rendered":"<p>PRO mes voor de GTS600 houtversnipperaar. Het PRO mes gaat gemiddeld 2 keer langer mee dan een standaard mes.<\/p>\n<p>Er zijn 2 messen nodig voor de GTS600 houtversnipperaar.<\/p>","protected":false},"featured_media":132802,"comment_status":"open","ping_status":"closed","template":"","meta":{"_acf_changed":false},"product_brand":[],"product_cat":[2344],"product_tag":[],"class_list":{"0":"post-119954","1":"product","2":"type-product","3":"status-publish","4":"has-post-thumbnail","6":"product_cat-gtm-onderdelen-overig","8":"first","9":"instock","10":"shipping-taxable","11":"purchasable","12":"product-type-simple"},"acf":{"media":{"afbeelding_1":null,"afbeelding_2":null,"afbeelding_3":null,"afbeelding_4":null,"afbeelding_5":null,"video":null,"video_thumbnail":null},"de":{"titel_en":"","omschrijving_de":"PRO Messer f\u00fcr GTS600 H\u00e4cksler.<br>\r\n\r\nEs werden 2 Messer ben\u00f6tigt f\u00fcr den GTS600 H\u00e4cksler.","specs_overview_de":"PRO Messer 600 H\u00e4cksler","specs_de":""},"nl":{"specs_overview_nl":"PRO mes 600 houtversnipperaar"},"cat":"OVERIG","attributes":[{"attribute_acf":"dwactie","term_acf":"False"},{"attribute_acf":"dwartcat_code","term_acf":"OVERIG"},{"attribute_acf":"dwcompo","term_acf":"False"},{"attribute_acf":"dwfpagekeurd","term_acf":"False"},{"attribute_acf":"dwhaksuitvoer","term_acf":"False"},{"attribute_acf":"dwleveringdealer","term_acf":"True"},{"attribute_acf":"dwnieuw","term_acf":"False"},{"attribute_acf":"dwonderdelentekening","term_acf":"False"},{"attribute_acf":"dwpriority","term_acf":"0"},{"attribute_acf":"dwseizoen","term_acf":"False"},{"attribute_acf":"dwvijlbaar","term_acf":"False"},{"attribute_acf":"dwvozinclhoes","term_acf":"False"},{"attribute_acf":"dwvzinclhoes","term_acf":"False"},{"attribute_acf":"dwzichtbaarparticulier","term_acf":"True"},{"attribute_acf":"dwzichtbaarwebsite","term_acf":"True"},{"attribute_acf":"lift","term_acf":"False"}],"elynx_update_at":"2026-04-26T09:00:54.909Z"},"_links":{"self":[{"href":"https:\/\/gtmprofessional.com\/de\/wp-json\/wp\/v2\/product\/119954","targetHints":{"allow":["GET"]}}],"collection":[{"href":"https:\/\/gtmprofessional.com\/de\/wp-json\/wp\/v2\/product"}],"about":[{"href":"https:\/\/gtmprofessional.com\/de\/wp-json\/wp\/v2\/types\/product"}],"replies":[{"embeddable":true,"href":"https:\/\/gtmprofessional.com\/de\/wp-json\/wp\/v2\/comments?post=119954"}],"wp:featuredmedia":[{"embeddable":true,"href":"https:\/\/gtmprofessional.com\/de\/wp-json\/wp\/v2\/media\/132802"}],"wp:attachment":[{"href":"https:\/\/gtmprofessional.com\/de\/wp-json\/wp\/v2\/media?parent=119954"}],"wp:term":[{"taxonomy":"product_brand","embeddable":true,"href":"https:\/\/gtmprofessional.com\/de\/wp-json\/wp\/v2\/product_brand?post=119954"},{"taxonomy":"product_cat","embeddable":true,"href":"https:\/\/gtmprofessional.com\/de\/wp-json\/wp\/v2\/product_cat?post=119954"},{"taxonomy":"product_tag","embeddable":true,"href":"https:\/\/gtmprofessional.com\/de\/wp-json\/wp\/v2\/product_tag?post=119954"}],"curies":[{"name":"wp","href":"https:\/\/api.w.org\/{rel}","templated":true}]}}