{"id":120222,"date":"2024-06-08T06:27:41","date_gmt":"2024-06-08T06:27:41","guid":{"rendered":"https:\/\/gtmprofessional.com\/product\/1800wd-loncin\/"},"modified":"2026-05-03T03:00:42","modified_gmt":"2026-05-03T03:00:42","slug":"1800wd-loncin","status":"publish","type":"product","link":"https:\/\/gtmprofessional.com\/de\/product\/1800wd-loncin\/","title":{"rendered":"1800WD Loncin"},"content":{"rendered":"<ul>\n<li>Motor: Loncin LC2V80FD Twin e-start\n  <\/li>\n<li>Vermogen: 24 pk \/ 18 kW\n  <\/li>\n<li>Cilinderinhoud: 764 cc\n  <\/li>\n<li>Tankinhoud: 10 l (extern)\n  <\/li>\n<li>Brandstof: Euro98 (E5)\n  <\/li>\n<li>Oliesensor\n  <\/li>\n<li>Oplaadtijd accu: 4,5 uur\n  <\/li>\n<li>Max. diameter hout: 12 cm\n  <\/li>\n<li>Invoer hoogte: 106 cm\n  <\/li>\n<li>Invoer afmetingen: 50 x 35 cm\n  <\/li>\n<li>Uitvoer hoogte: 160 cm\n  <\/li>\n<li>Uitvoer richting: draaibaar tot 270\u00b0\n  <\/li>\n<li>Deflector: traploos aanpasbaar tot 100\u00b0&nbsp;\n  <\/li>\n<li>Veiligheidsbeugel en veiligheidsschakelaars\n  <\/li>\n<li>Wielen met kogellagers achter: 39 cm\n  <\/li>\n<li>Zwenkwielen voor: 25 cm&nbsp;\n  <\/li>\n<li>2 PRO messen + 1 tegenmes\n  <\/li>\n<li>Afmetingen (l x b x h): 160 x 72 x 163 cm\n  <\/li>\n<li>Gewicht: 250 kg<\/li>\n<\/ul>","protected":false},"excerpt":{"rendered":"<p>De 1800WD (Wheel Driven) is een zelfrijdende houtversnipperaar voor de professionele gebruiker op het gebied van boomverzorging en tuinonderhoud. Dankzij het accu aangedreven systeem (2 x 12 V) is deze machine gemakkelijk te verplaatsen. Met een volle accu kan een afstand worden afgelegd van ca. 6 km op vlakke bestrating of 2 km op heuvelachtig of modderig terrein. Het systeem heeft 2 snelheden vooruit (3 en 6 km\/u) en twee snelheden achteruit (1,5 en 3 km\/u).<\/p>\n<p>Het aandrijfsysteem is geschikt voor hellingen tot 15\u00b0, zodat je de machine gemakkelijk in een bus of op een trailer kunt laden. Met 2 stevige luchtbanden achter en 2 zwenkwielen voor, is de 1800WD zeer wendbaar. Sturen verloopt soepel met de stuurbeugel die onder de invoer is gemonteerd. Op de stuurbeugel is tevens de gewenste snelheid te bepalen en heb je goed zicht op de resterende batterijcapaciteit.<\/p>\n<p>Deze houtversnipperaar heeft een sterke Loncin LC2V80FD Twin motor met 24 pk vermogen en is geschikt voor het versnipperen van takken tot een diameter van 12 cm (droog hout 10 cm). Het effici\u00ebnte rotor versnippersysteem trekt de takken automatisch naar binnen en garandeert een hoge werksnelheid. De PRO-messen van hooggelegeerd staal gaan extra lang mee en zijn voorzien van twee snijkanten. Wanneer beide kanten zijn versleten, kunnen de messen eventueel worden geslepen (laat dit altijd door een specialist doen).<\/p>\n<p>Bij ons staat de veiligheid van de gebruiker altijd voorop. Zo heeft de 1800WD veiligheidsschakelaars op de in- en uitvoer die de werking van de machine blokkeren tijdens (onderhouds-) werkzaamheden en rondom de invoer is een veiligheidsbeugel gemonteerd die de machine direct stopt in noodsituaties. Daarnaast voldoet de 1800WD aan de strenge bosbouwnorm (NEN-EN 13525:2020) om een veilig gebruik te garanderen.<\/p>\n<p>De 1800WD wordt standaard geleverd met een 270\u00b0 draaibare uitvoer en urenteller.<\/p>","protected":false},"featured_media":133913,"comment_status":"open","ping_status":"closed","template":"","meta":{"_acf_changed":false},"product_brand":[],"product_cat":[2352],"product_tag":[],"class_list":{"0":"post-120222","1":"product","2":"type-product","3":"status-publish","4":"has-post-thumbnail","6":"product_cat-hakselaar","8":"first","9":"onbackorder","10":"shipping-taxable","11":"purchasable","12":"product-type-simple"},"acf":{"media":{"afbeelding_1":131526,"afbeelding_2":131527,"afbeelding_3":"","afbeelding_4":"","afbeelding_5":"","video":"https:\/\/www.youtube.com\/watch?v=UvpVB87-vmI","video_thumbnail":131526},"de":{"titel_en":"","omschrijving_de":"<p>Der 1800WD (Wheel Driven) ist ein selbstfahrender H\u00e4cksler f\u00fcr den gewerblichen Anwender im Bereich der Baum- und Gartenpflege. Dank des akkubetriebenen Systems (2 x 12 V) ist diese Maschine leicht zu bewegen. Mit einem vollen Akku kann eine Strecke von ca. 6 km auf ebenem Boden oder 2 km auf h\u00fcgeligem oder schlammigem Gel\u00e4nde zur\u00fcckgelegt werden. Das System hat 2 Vorw\u00e4rtsg\u00e4nge (3 und 6 km\/h) und 2 R\u00fcckw\u00e4rtsg\u00e4nge (1,5 und 3 km\/h).<\/p>\r\n\r\n<p>Das Antriebssystem ist f\u00fcr Steigungen bis zu 15\u00b0 geeignet, sodass Sie die Maschine problemlos in einen Transporter oder auf einen Anh\u00e4nger verladen k\u00f6nnen. Mit 2 Vollluftreifen hinten und 2 Schwenkr\u00e4dern vorne ist der 1800WD sehr wendig. Die Lenkung erfolgt problemlos \u00fcber die Steuerkonsole, die unter der Einfuhr montiert ist. Die gew\u00fcnschte Geschwindigkeit kann auch hier\u00fcber eingestellt werden und Sie haben gleichzeitig einen guten \u00dcberblick \u00fcber die verbleibende Akkulaufzeit.<\/p>\r\n\r\n<p>Dieser H\u00e4cksler verf\u00fcgt \u00fcber einen 24 PS starken Loncin LC2V80FD Twin-Motor und ist f\u00fcr die Zerkleinerung von \u00c4sten bis zu einem Durchmesser von 12 cm (trockenes Holz 10 cm) geeignet. Das effiziente Rotorh\u00e4ckslersystem zieht die \u00c4ste automatisch nach innen, was eine hohe Arbeitsgeschwindigkeit garantiert. Die PRO-Messer aus hochlegiertem Stahl haben eine besonders lange Lebensdauer und sind mit zwei Schneidekanten versehen. Wenn beide Seiten abgenutzt sind, k\u00f6nnen die Messer geschliffen werden (immer von einem Fachmann ausf\u00fchren lassen).<\/p>\r\n\r\n<p>Bei uns steht die Sicherheit des Anwenders immer an erster Stelle. So verf\u00fcgt der 1800WD \u00fcber Sicherheitsschalter sowohl an der Einfuhr als auch am Auswurf, welche den Betrieb der Maschine bei Wartungsarbeiten sperren. An der Einfuhr ist zudem eine Sicherheitsdruckleiste angebracht, die die Maschine in Notsituationen sofort stoppt. Dar\u00fcber hinaus entspricht der 1800WD der strengen Forstmaschinen-Norm (NEN-EN 13525:2020), um einen sicheren Einsatz zu gew\u00e4hrleisten.<\/p>\r\n\r\n<p>Der 1800WD ist standardm\u00e4\u00dfig mit einem um 270\u00b0 drehbaren Auswurf und einem Betriebsstundenz\u00e4hler ausgestattet.<\/p>","specs_overview_de":"\r\n<ul>\r\n  <li>Selbstfahrendes System mit Batterie \r\n  <\/li><li>Mit drehbare Auswurf \r\n  <\/li><li>Loncin LC2V80FD Twin e-start - 24 PS \r\n  <\/li><li>Astst\u00e4rke bis 12 cm<\/li><\/ul>","specs_de":"\r\n<ul>\r\n  <li>Motor: Loncin LC2V80FD Twin e-start \r\n  <\/li><li>Leistung: 24 PS \/ 18 kW \r\n  <\/li><li>Verdr\u00e4ngung: 764 cc \r\n  <\/li><li>Tankkapazit\u00e4t: 10 l (extern) \r\n  <\/li><li>Kraftstoff: Euro98 (E5) \r\n  <\/li><li>\u00d6lsensor \r\n  <\/li><li>Ladezeit des Akkus: 4,5 Stunden \r\n  <\/li><li>Max. Astst\u00e4rke: 12 cm \r\n  <\/li><li>H\u00f6he der Einfuhr: 106 cm \r\n  <\/li><li>Abmessungen Einfuhr: 50 x 35 cm \r\n  <\/li><li>Auswurfh\u00f6he: 160 cm \r\n  <\/li><li>Auswurfrichtung: drehbar bis zu 270\u00ba \r\n  <\/li><li>Deflektor: stufenlos einstellbar bis zu 100\u00b0 \r\n  <\/li><li>Sicherheitsdruckleiste und Sicherheitsschalter \r\n  <\/li><li>R\u00e4der mit Kugellager hinten: 39 cm \r\n  <\/li><li>Schwenkr\u00e4der vorne: 25 cm  \r\n  <\/li><li>2 PRO Messer + 1 Gegen Messer \r\n  <\/li><li>Abmessungen (L x B x H): 160 x 72 x 163 cm \r\n  <\/li><li>Gewicht: 250 kg<\/li><\/ul>"},"nl":{"specs_overview_nl":"\r\n<ul>\r\n  <li>Zelfrijdend systeem op accu \r\n  <\/li><li>Met draaibare Uitvoer \r\n  <\/li><li>Loncin LC2V80FD Twin e-start - 24 pk \r\n  <\/li><li>Diameter takken tot 12 cm<\/li><\/ul>"},"cat":"HAKS","attributes":[{"attribute_acf":"dwactie","term_acf":"False"},{"attribute_acf":"dwartcat_code","term_acf":"HAKS"},{"attribute_acf":"dwcompo","term_acf":"False"},{"attribute_acf":"dwctwebsupgrp_code","term_acf":"HAKS"},{"attribute_acf":"dwfpagekeurd","term_acf":"False"},{"attribute_acf":"dwhaksmotor_code","term_acf":"ELEK-START"},{"attribute_acf":"dwhaksserie_code","term_acf":"1800"},{"attribute_acf":"dwhakstakdia_code","term_acf":"12"},{"attribute_acf":"dwhaksuitvoer","term_acf":"True"},{"attribute_acf":"dwhaksverpl_code","term_acf":"WHEEL"},{"attribute_acf":"dwleveringdealer","term_acf":"True"},{"attribute_acf":"dwnieuw","term_acf":"True"},{"attribute_acf":"dwonderdelentekening","term_acf":"True"},{"attribute_acf":"dwpriority","term_acf":"955"},{"attribute_acf":"dwseizoen","term_acf":"False"},{"attribute_acf":"dwvijlbaar","term_acf":"False"},{"attribute_acf":"dwvozinclhoes","term_acf":"False"},{"attribute_acf":"dwvzinclhoes","term_acf":"False"},{"attribute_acf":"dwyoutube","term_acf":"UvpVB87-vmI"},{"attribute_acf":"dwzichtbaarparticulier","term_acf":"True"},{"attribute_acf":"dwzichtbaarwebsite","term_acf":"True"},{"attribute_acf":"lift","term_acf":"False"}],"elynx_update_at":"2026-04-26T07:59:59.795Z"},"_links":{"self":[{"href":"https:\/\/gtmprofessional.com\/de\/wp-json\/wp\/v2\/product\/120222","targetHints":{"allow":["GET"]}}],"collection":[{"href":"https:\/\/gtmprofessional.com\/de\/wp-json\/wp\/v2\/product"}],"about":[{"href":"https:\/\/gtmprofessional.com\/de\/wp-json\/wp\/v2\/types\/product"}],"replies":[{"embeddable":true,"href":"https:\/\/gtmprofessional.com\/de\/wp-json\/wp\/v2\/comments?post=120222"}],"wp:featuredmedia":[{"embeddable":true,"href":"https:\/\/gtmprofessional.com\/de\/wp-json\/wp\/v2\/media\/133913"}],"wp:attachment":[{"href":"https:\/\/gtmprofessional.com\/de\/wp-json\/wp\/v2\/media?parent=120222"}],"wp:term":[{"taxonomy":"product_brand","embeddable":true,"href":"https:\/\/gtmprofessional.com\/de\/wp-json\/wp\/v2\/product_brand?post=120222"},{"taxonomy":"product_cat","embeddable":true,"href":"https:\/\/gtmprofessional.com\/de\/wp-json\/wp\/v2\/product_cat?post=120222"},{"taxonomy":"product_tag","embeddable":true,"href":"https:\/\/gtmprofessional.com\/de\/wp-json\/wp\/v2\/product_tag?post=120222"}],"curies":[{"name":"wp","href":"https:\/\/api.w.org\/{rel}","templated":true}]}}