{"id":120251,"date":"2024-06-08T06:27:58","date_gmt":"2024-06-08T06:27:58","guid":{"rendered":"https:\/\/gtmprofessional.com\/product\/1300-honda\/"},"modified":"2026-05-03T03:00:38","modified_gmt":"2026-05-03T03:00:38","slug":"1300-honda","status":"publish","type":"product","link":"https:\/\/gtmprofessional.com\/de\/product\/1300-honda\/","title":{"rendered":"1300 Honda"},"content":{"rendered":"<ul>\n<li>Motor: Honda GX390<\/li>\n<li>Vermogen: 13 pk \/ 8.7 kW<\/li>\n<li>Cilinderinhoud: 391 cc<\/li>\n<li>Tankinhoud: 6.1 l<\/li>\n<li>Brandstof: Euro98 (E5)<\/li>\n<li>Max. diameter hout: 10 cm<\/li>\n<li>Invoer hoogte: 103 cm<\/li>\n<li>Invoer afmetingen: 50 x 35 cm<\/li>\n<li>Uitvoer hoogte: 138 cm<\/li>\n<li>Uitvoer richting: zijkant<\/li>\n<li>Deflector: traploos aanpasbaar tot 85\u00b0&nbsp;<\/li>\n<li>Noodstop beugel en veiligheidsschakelaars<\/li>\n<li>Diameter wielen: 39 cm<\/li>\n<li>Wielen met kogellagers<\/li>\n<li>2 PRO messen + 1 tegenmes<\/li>\n<li>Afmetingen (l x b x h): 155 x 77 x 162 cm<\/li>\n<li>Gewicht: 189 kg<\/li>\n<\/ul>","protected":false},"excerpt":{"rendered":"<p>De 1300 van GTM Professional is een krachtige en compacte houtversnipperaar, voorzien van een sterke Honda GX390 motor met 13 pk vermogen. Deze machine heeft een hoge capaciteit om met gemak verse takken tot een diameter van 10 cm te versnipperen (droog hout tot 8 cm). De 1300 verwerkt maximaal 880 kg gemengd snoeihout per uur bij een vochtfractie van 60-70%.<\/p>\n<p>Het effici\u00ebnte rotor versnippersysteem trekt de takken automatisch naar binnen en garandeert een hoge werksnelheid. Op de rotor zijn twee PRO-messen gemonteerd die met hoge snelheid langs het tegenmes draaien. De PRO-messen van hooggelegeerd staal gaan extra lang mee en zijn voorzien van twee snijkanten. Wanneer beide kanten zijn versleten, kunnen de messen eventueel worden geslepen (laat dit altijd door een specialist doen).<\/p>\n<p>De houtversnipperaar is gemakkelijk in gebruik en met een invoerhoogte van 103 cm ook zeer toegankelijk. Dankzij de brede invoer is het zelden nodig om zijtakken vooraf te verwijderen. Via de hoge uitvoer met verstelbare deflector kunnen de houtsnippers rechtstreeks in een aanhanger geblazen worden. De fijne houtsnippers zijn perfect te gebruiken als bodembedekker of mulch.<\/p>\n<p>Bij ons staat de veiligheid van de gebruiker voorop. De 1300 is gecertificeerd door T\u00dcV Rheinland en voldoet als enige zwaartekracht gevoede houtversnipperaar aan de bosbouwmachine norm (NEN-EN 13525:2020). Rondom de invoer is een noodstop beugel gemonteerd die de motor direct onderbreekt wanneer de beugel wordt ingedrukt. De veiligheidsschakelaars op de in- en uitvoer blokkeren de werking van de machine tijdens (onderhouds-) werkzaamheden.<\/p>\n<p>De compacte afmetingen maken het mogelijk om de machine op een trailer of in een bestelbus te vervoeren. Met een totale breedte van slechts 77 cm past deze houtversnipperaar met gemak door een tuinpoort of smalle steeg. De wielen van de 1300 zijn uitwisselbaar met die van de 900 zodat de machine zelfs door 73 cm brede poorten past! Deze GTM Professional houtversnipperaar is perfect gebalanceerd en makkelijk manoeuvreerbaar om door \u00e9\u00e9n persoon verplaatst te worden.<\/p>\n<p>De 1300 heeft een robuust ontwerp met een verfijnde afwerking, de ideale machine op het gebied van boomverzorging, terreinbeheer en bosbouw. Een draaibare uitvoer en trekstang zijn optioneel verkrijgbaar.<\/p>","protected":false},"featured_media":133797,"comment_status":"open","ping_status":"closed","template":"","meta":{"_acf_changed":false},"product_brand":[],"product_cat":[2352],"product_tag":[],"class_list":{"0":"post-120251","1":"product","2":"type-product","3":"status-publish","4":"has-post-thumbnail","6":"product_cat-hakselaar","8":"first","9":"onbackorder","10":"shipping-taxable","11":"purchasable","12":"product-type-simple"},"acf":{"media":{"afbeelding_1":131486,"afbeelding_2":131487,"afbeelding_3":131488,"afbeelding_4":"","afbeelding_5":"","video":"https:\/\/www.youtube.com\/watch?v=ysrUHN5w17c","video_thumbnail":131480},"de":{"titel_en":"","omschrijving_de":"<p>Der 1300 von GTM Professional ist ein leistungsstarker und kompakter Holzh\u00e4cksler mit einem starken Honda GX390-Motor mit 13 PS. Diese Maschine hat eine hohe Kapazit\u00e4t, um frische Zweige bis zu einem Durchmesser von 10 cm (trockenes Holz bis zu 8 cm) zu zerkleinern. Mit einem Feuchtigkeitsanteil von 60 - 70 % verarbeitet der 1300 maximal 880 kg gemischtes Schnittgut pro Stunde.<\/p>\r\n\r\n<p>Das effiziente Rotorh\u00e4ckslersystem zieht die \u00c4ste automatisch nach innen, was eine hohe Arbeitsgeschwindigkeit garantiert. Auf dem Rotor sind zwei PRO-Messer montiert, die sich mit hoher Geschwindigkeit entlang des Gegenmessers drehen. Die PRO-Messer aus hochlegiertem Stahl haben eine besonders lange Lebensdauer und sind mit zwei Schneidekanten versehen. Wenn beide Seiten abgenutzt sind, k\u00f6nnen die Messer geschliffen werden (immer von einem Fachmann ausf\u00fchren lassen).<\/p>\r\n\r\n<p>Der Holzh\u00e4cksler ist einfach zu bedienen und mit einer Einzugsh\u00f6he von 103 cm auch sehr gut zug\u00e4nglich. Aufgrund des breiten Eingangs ist es selten notwendig, Seiten\u00e4ste vorher zu entfernen. Durch die hohe Ausgabe k\u00f6nnen die Hackschnitzel direkt in einen Anh\u00e4nger eingeblasen werden. Die feinen Hackschnitzel eignen sich perfekt als Bodendecker oder Mulch.<\/p>\r\n\r\n<p>F\u00fcr uns steht die Sicherheit der Benutzer an erster Stelle. Der 1300 ist vom T\u00dcV Rheinland zertifiziert und der einzige schwerkraftgespeiste Holzh\u00e4cksler, der Forstmaschinen-Norm (NEN-EN 13525:2020) entspricht. Um den Eingang herum ist eine Sicherheitsdruckleiste montiert, die den Motor sofort unterbricht, wenn sie gedr\u00fcckt wird. Die Sicherheitsschalter am Ein- und Ausgang blockieren den Betrieb der Maschine bei Wartungsarbeiten.<\/p>\r\n\r\n<p>Die kompakten Abmessungen erm\u00f6glichen den Transport der Maschine auf einem Anh\u00e4nger oder in einem Van. Mit einer Gesamtbreite von nur 77 cm passt dieser Holzhacker problemlos durch ein Gartentor oder eine schmale Gasse. Die R\u00e4der des 1300 sind mit denen des 900 austauschbar, sodass die Maschine sogar durch 73-cm-Tore passt! Dieser Holzh\u00e4cksler von GTM Professional ist perfekt ausbalanciert und l\u00e4sst sich leicht von einer Person bewegen.<\/p>\r\n\r\n<p>Das robuste Design des 1300 mit pr\u00e4zisierten Details ist die ideale Maschine zur Baumpflege, Landschaftsgestaltung und f\u00fcr die Forstwirtschaft. Ein drehbarer Ausgang und eine Anh\u00e4ngerkupplung sind optional erh\u00e4ltlich.<\/p>","specs_overview_de":"\r\n<ul>\r\n  <li>H\u00e4cksler 1300<\/li>\r\n  <li>Honda GX390 Motor<\/li>\r\n  <li>13 PS<\/li>\r\n  <li>Astst\u00e4rke bis 10 cm<\/li><\/ul>","specs_de":"\r\n<ul>\r\n  <li>Motor: Honda GX390<\/li>\r\n  <li>Leistung: 13 PS \/ 8.7 kW<\/li>\r\n  <li>Verdr\u00e4ngung: 391 cc<\/li>\r\n  <li>Tankkapazit\u00e4t: 6.1 l <\/li>\r\n  <li>Kraftstoff: Euro98 (E5)<\/li>\r\n  <li>Max. Astst\u00e4rke: 10 cm<\/li>\r\n  <li>H\u00f6he der Einfuhr: 103 cm<\/li>\r\n  <li>Abmessungen Einfuhr: 50 x 35 cm<\/li>\r\n  <li>Auswurfh\u00f6he: 138 cm<\/li>\r\n  <li>Auswurfrichtung: Seite<\/li>\r\n  <li>Deflektor: stufenlos einstellbar bis zu 85\u00b0<\/li>\r\n  <li>Sicherheitsdruckleiste und Sicherheitsschalter<\/li>\r\n  <li>Raddurchmesser: 39 cm<\/li>\r\n  <li>R\u00e4der mit Kugellagern <\/li>\r\n  <li>2 PRO Messer + 1 Gegen Messer<\/li>\r\n  <li>Abmessungen (L x B x H): 155 x 77 x 162 cm<\/li>\r\n  <li>Gewicht: 189 kg<\/li><\/ul>"},"nl":{"specs_overview_nl":"\r\n<ul>\r\n  <li>Houtversnipperaar 1300<\/li>\r\n  <li>Honda GX390 motor<\/li>\r\n  <li>13 pk<\/li>\r\n  <li>Diameter takken tot 10 cm<\/li><\/ul>"},"cat":"HAKS","attributes":[{"attribute_acf":"dwactie","term_acf":"False"},{"attribute_acf":"dwartcat_code","term_acf":"HAKS"},{"attribute_acf":"dwcompo","term_acf":"False"},{"attribute_acf":"dwctwebsupgrp_code","term_acf":"HAKS"},{"attribute_acf":"dwfpagekeurd","term_acf":"False"},{"attribute_acf":"dwhaksmotor_code","term_acf":"BENZINE"},{"attribute_acf":"dwhaksserie_code","term_acf":"1300"},{"attribute_acf":"dwhakstakdia_code","term_acf":"10"},{"attribute_acf":"dwhaksuitvoer","term_acf":"False"},{"attribute_acf":"dwhaksverpl_code","term_acf":"HAND"},{"attribute_acf":"dwleveringdealer","term_acf":"True"},{"attribute_acf":"dwnieuw","term_acf":"False"},{"attribute_acf":"dwonderdelentekening","term_acf":"True"},{"attribute_acf":"dwpriority","term_acf":"975"},{"attribute_acf":"dwseizoen","term_acf":"False"},{"attribute_acf":"dwvijlbaar","term_acf":"False"},{"attribute_acf":"dwvozinclhoes","term_acf":"False"},{"attribute_acf":"dwvzinclhoes","term_acf":"False"},{"attribute_acf":"dwyoutube","term_acf":"ysrUHN5w17c"},{"attribute_acf":"dwzichtbaarparticulier","term_acf":"True"},{"attribute_acf":"dwzichtbaarwebsite","term_acf":"True"},{"attribute_acf":"lift","term_acf":"False"}],"elynx_update_at":"2026-04-04T06:05:48.310Z"},"_links":{"self":[{"href":"https:\/\/gtmprofessional.com\/de\/wp-json\/wp\/v2\/product\/120251","targetHints":{"allow":["GET"]}}],"collection":[{"href":"https:\/\/gtmprofessional.com\/de\/wp-json\/wp\/v2\/product"}],"about":[{"href":"https:\/\/gtmprofessional.com\/de\/wp-json\/wp\/v2\/types\/product"}],"replies":[{"embeddable":true,"href":"https:\/\/gtmprofessional.com\/de\/wp-json\/wp\/v2\/comments?post=120251"}],"wp:featuredmedia":[{"embeddable":true,"href":"https:\/\/gtmprofessional.com\/de\/wp-json\/wp\/v2\/media\/133797"}],"wp:attachment":[{"href":"https:\/\/gtmprofessional.com\/de\/wp-json\/wp\/v2\/media?parent=120251"}],"wp:term":[{"taxonomy":"product_brand","embeddable":true,"href":"https:\/\/gtmprofessional.com\/de\/wp-json\/wp\/v2\/product_brand?post=120251"},{"taxonomy":"product_cat","embeddable":true,"href":"https:\/\/gtmprofessional.com\/de\/wp-json\/wp\/v2\/product_cat?post=120251"},{"taxonomy":"product_tag","embeddable":true,"href":"https:\/\/gtmprofessional.com\/de\/wp-json\/wp\/v2\/product_tag?post=120251"}],"curies":[{"name":"wp","href":"https:\/\/api.w.org\/{rel}","templated":true}]}}