{"id":117761,"date":"2024-06-08T06:03:01","date_gmt":"2024-06-08T06:03:01","guid":{"rendered":"https:\/\/gtmprofessional.com\/product\/secure-synergy-gehoorbescherming\/"},"modified":"2026-04-22T13:01:51","modified_gmt":"2026-04-22T13:01:51","slug":"secure-synergy-gehoorbescherming","status":"publish","type":"product","link":"https:\/\/gtmprofessional.com\/en\/product\/secure-synergy-gehoorbescherming\/","title":{"rendered":"Secure Synergy gehoorbescherming"},"content":{"rendered":"","protected":false},"excerpt":{"rendered":"<p>Met de Secure Synergy gehoorbescherming maakt u eenvoudig draadloos verbinding met uw mobiele telefoon via Bluetooth. Stream muziek vanaf uw telefoon of luister naar uw favoriete radiozender, terwijl uw gehoor optimaal wordt beschermd tegen harde omgevingsgeluiden. Via de ruis onderdrukkende boom microfoon met \"side tone function\" kunt u ongestoord inkomende telefoongesprekken beantwoorden en met collega's communiceren, zonder uw stem te verheffen.<\/p>\n<p>Met de makkelijk bereikbare knoppen zijn de AM\/FM-radiozenders nauwkeurig in te stellen. In combinatie met de automatische frequentieregeling zet u uw favoriete zender vast voor de best beschikbare ontvangst, zelfs in gebieden met minder bereik. Bovendien gaat de Secure Synergy volledig samen met onze Hellberg vizieren. Zie de aanbevolen producten onderaan de pagina voor de verschillende vizieren.<\/p>\n<p>Secure Synergy gehoorbescherming biedt optimaal comfort door de zachte oorkussens met 'Snap-in' systeem en de aanpasbare hoofdband. Zowel de oorkussens als de hoofdband zijn vervangbaar wat bijdraagt aan een langere levensduur. De Secure Synergy wordt standaard geleverd met twee 1,5 V AA batterijen voor ca. 23 uur gebruik met alle functies actief.<\/p>\n<p><b><u>TECHNISCHE SPECIFICATIE<br \/>\n<\/u><\/b>- Bluetooth verbinding<br \/>\n- flexibele en ruis onderdrukkende boom microfoon<br \/>\n- handmatig afstemmen en automatische frequentiecontrole<br \/>\n- max. 82 dB voor de veiligheid van uw gehoor<br \/>\n- 2 x 1,5 V AA-batterijen<br \/>\n- volledig compatibel met Hellberg SAFE Visor Systeem<br \/>\n- oorkussen met 'Snap-in' systeem<br \/>\n- aanpasbare hoofdband voor de perfecte afdichting<br \/>\n- 459 gr.<\/p>","protected":false},"featured_media":123095,"comment_status":"open","ping_status":"closed","template":"","meta":{"_acf_changed":false},"product_brand":[],"product_cat":[15],"product_tag":[],"class_list":{"0":"post-117761","1":"product","2":"type-product","3":"status-publish","4":"has-post-thumbnail","6":"product_cat-uncategorized","8":"first","9":"instock","10":"shipping-taxable","11":"purchasable","12":"product-type-simple"},"acf":{"media":{"afbeelding_1":null,"afbeelding_2":null,"afbeelding_3":null,"afbeelding_4":null,"afbeelding_5":null,"video":null,"video_thumbnail":null},"de":{"titel_en":"","omschrijving_de":"Mit den Secure Synergy Geh\u00f6rschutz von Hellberg erstellen Sie einfach eine Funkverbindung zu Ihrem Mobiltelefon \u00fcber Bluetooth\u00ac. Streamen von Musik von Ihrem Mobiltelefon oder h\u00f6ren Sie auf Ihre Lieblings-Radiosender, w\u00e4hrend Ihr Geh\u00f6r optimal gegen harte Umgebungsger\u00e4usche. Durch den L\u00e4rm-suppressive Boom-Mikrofon mit \"Seite-Ton-Funktion\" k\u00f6nnen Sie ungest\u00f6rt eingehende Anrufe beantworten und kommunizieren Sie mit Kollegen, ohne Ihre Stimme zu erheben.<br>\r\n\r\nD\u00e4mmung in Dezibel (dB): SNR 30","specs_overview_de":"- Bluetooth Verbindung<br>\r\n- flexibles Boom-Mikrofon<br>\r\n- mit Hellberg Visier erweitern<br>\r\n- optimaler Komfort","specs_de":""},"nl":{"specs_overview_nl":"- Bluetooth verbinding<br>\r\n- flexibele boom microfoon<br>\r\n- uit te breiden met Hellberg vizier<br>\r\n- optimaal comfort<br>"},"cat":"","attributes":[{"attribute_acf":"dwactie","term_acf":"False"},{"attribute_acf":"dwcompo","term_acf":"False"},{"attribute_acf":"dwctwebhfdgrp_code","term_acf":"TUIN"},{"attribute_acf":"dwfpagekeurd","term_acf":"False"},{"attribute_acf":"dwhaksuitvoer","term_acf":"False"},{"attribute_acf":"dwleveringdealer","term_acf":"False"},{"attribute_acf":"dwnieuw","term_acf":"False"},{"attribute_acf":"dwonderdelentekening","term_acf":"False"},{"attribute_acf":"dwpriority","term_acf":"99"},{"attribute_acf":"dwseizoen","term_acf":"False"},{"attribute_acf":"dwvijlbaar","term_acf":"False"},{"attribute_acf":"dwvozinclhoes","term_acf":"False"},{"attribute_acf":"dwvzinclhoes","term_acf":"False"},{"attribute_acf":"dwzichtbaarparticulier","term_acf":"True"},{"attribute_acf":"dwzichtbaarwebsite","term_acf":"True"},{"attribute_acf":"lift","term_acf":"False"}],"elynx_update_at":""},"_links":{"self":[{"href":"https:\/\/gtmprofessional.com\/en\/wp-json\/wp\/v2\/product\/117761","targetHints":{"allow":["GET"]}}],"collection":[{"href":"https:\/\/gtmprofessional.com\/en\/wp-json\/wp\/v2\/product"}],"about":[{"href":"https:\/\/gtmprofessional.com\/en\/wp-json\/wp\/v2\/types\/product"}],"replies":[{"embeddable":true,"href":"https:\/\/gtmprofessional.com\/en\/wp-json\/wp\/v2\/comments?post=117761"}],"wp:featuredmedia":[{"embeddable":true,"href":"https:\/\/gtmprofessional.com\/en\/wp-json\/wp\/v2\/media\/123095"}],"wp:attachment":[{"href":"https:\/\/gtmprofessional.com\/en\/wp-json\/wp\/v2\/media?parent=117761"}],"wp:term":[{"taxonomy":"product_brand","embeddable":true,"href":"https:\/\/gtmprofessional.com\/en\/wp-json\/wp\/v2\/product_brand?post=117761"},{"taxonomy":"product_cat","embeddable":true,"href":"https:\/\/gtmprofessional.com\/en\/wp-json\/wp\/v2\/product_cat?post=117761"},{"taxonomy":"product_tag","embeddable":true,"href":"https:\/\/gtmprofessional.com\/en\/wp-json\/wp\/v2\/product_tag?post=117761"}],"curies":[{"name":"wp","href":"https:\/\/api.w.org\/{rel}","templated":true}]}}