{"id":117780,"date":"2024-06-08T06:03:23","date_gmt":"2024-06-08T06:03:23","guid":{"rendered":"https:\/\/gtmprofessional.com\/product\/isolatiemes-insulknife\/"},"modified":"2026-04-18T03:02:17","modified_gmt":"2026-04-18T03:02:17","slug":"isolatiemes-insulknife","status":"publish","type":"product","link":"https:\/\/gtmprofessional.com\/en\/product\/isolatiemes-insulknife\/","title":{"rendered":"Isolatiemes Insulknife"},"content":{"rendered":"","protected":false},"excerpt":{"rendered":"<p>Voor een prachtige zaagsnede zonder irritante stofdeeltjes:<\/p>\n<p>- snijdt glas-, steen-, hout en schaapswol. alsmede hennep en vlas<br \/>\n- snijdt polystyreenplaten<br \/>\n- voor het glad afsnijden van overtollig purschuim langs ramen en randen<br \/>\n- snijdt  isolatiebuis voor leidingen<br \/>\n- snel en eenvoudig scherpen met de GTM slijpsteen (bestelnummer:KKMCSHARP), als optie leverbaar<\/p>\n<p>Gemaakt uit hoogwaardig staal met kunststof handgreep.<\/p>","protected":false},"featured_media":123390,"comment_status":"open","ping_status":"closed","template":"","meta":{"_acf_changed":false},"product_brand":[],"product_cat":[15],"product_tag":[],"class_list":{"0":"post-117780","1":"product","2":"type-product","3":"status-publish","4":"has-post-thumbnail","6":"product_cat-uncategorized","8":"first","9":"onbackorder","10":"shipping-taxable","11":"purchasable","12":"product-type-simple"},"acf":{"media":{"afbeelding_1":null,"afbeelding_2":null,"afbeelding_3":null,"afbeelding_4":null,"afbeelding_5":null,"video":null,"video_thumbnail":null},"de":{"titel_en":"","omschrijving_de":"F\u00fcr einen sauberen Schnitt ohne Staub R\u00fcckst\u00e4nde\r\n\r\n- Schneidet Glas-, Stein-, Holz- und Schafwolle, Hanf sowie Flachs\r\n- Schneidet Polystyrol-Platten\r\n- Schneidet \u00fcbersch\u00fcssigen Montageschaum um Fenster und T\u00fcren\r\n- Schneidet Ummantelungen aus Isolierschaum f\u00fcr Rohrleitungen \r\n- Leichtes und schnelles Sch\u00e4rfen der Messerklinge mit dem GTM Schleifstein (optional)\r\n\r\nSehr hochwertiges Stahl mit Kunststoffgriff","specs_overview_de":"","specs_de":""},"nl":{"specs_overview_nl":"Voor het snijden van isolatiemateriaal"},"cat":"","attributes":[{"attribute_acf":"dwactie","term_acf":"False"},{"attribute_acf":"dwcompo","term_acf":"False"},{"attribute_acf":"dwfpagekeurd","term_acf":"False"},{"attribute_acf":"dwhaksuitvoer","term_acf":"False"},{"attribute_acf":"dwleveringdealer","term_acf":"False"},{"attribute_acf":"dwnieuw","term_acf":"False"},{"attribute_acf":"dwonderdelentekening","term_acf":"False"},{"attribute_acf":"dwpriority","term_acf":"0"},{"attribute_acf":"dwseizoen","term_acf":"False"},{"attribute_acf":"dwvijlbaar","term_acf":"False"},{"attribute_acf":"dwvozinclhoes","term_acf":"False"},{"attribute_acf":"dwvzinclhoes","term_acf":"False"},{"attribute_acf":"dwzichtbaarparticulier","term_acf":"True"},{"attribute_acf":"dwzichtbaarwebsite","term_acf":"True"},{"attribute_acf":"lift","term_acf":"False"}],"elynx_update_at":""},"_links":{"self":[{"href":"https:\/\/gtmprofessional.com\/en\/wp-json\/wp\/v2\/product\/117780","targetHints":{"allow":["GET"]}}],"collection":[{"href":"https:\/\/gtmprofessional.com\/en\/wp-json\/wp\/v2\/product"}],"about":[{"href":"https:\/\/gtmprofessional.com\/en\/wp-json\/wp\/v2\/types\/product"}],"replies":[{"embeddable":true,"href":"https:\/\/gtmprofessional.com\/en\/wp-json\/wp\/v2\/comments?post=117780"}],"wp:featuredmedia":[{"embeddable":true,"href":"https:\/\/gtmprofessional.com\/en\/wp-json\/wp\/v2\/media\/123390"}],"wp:attachment":[{"href":"https:\/\/gtmprofessional.com\/en\/wp-json\/wp\/v2\/media?parent=117780"}],"wp:term":[{"taxonomy":"product_brand","embeddable":true,"href":"https:\/\/gtmprofessional.com\/en\/wp-json\/wp\/v2\/product_brand?post=117780"},{"taxonomy":"product_cat","embeddable":true,"href":"https:\/\/gtmprofessional.com\/en\/wp-json\/wp\/v2\/product_cat?post=117780"},{"taxonomy":"product_tag","embeddable":true,"href":"https:\/\/gtmprofessional.com\/en\/wp-json\/wp\/v2\/product_tag?post=117780"}],"curies":[{"name":"wp","href":"https:\/\/api.w.org\/{rel}","templated":true}]}}