{"id":119214,"date":"2024-06-08T06:16:00","date_gmt":"2024-06-08T06:16:00","guid":{"rendered":"https:\/\/gtmprofessional.com\/product\/elephants-trunk-3\/"},"modified":"2026-05-03T03:01:35","modified_gmt":"2026-05-03T03:01:35","slug":"elephants-trunk-3","status":"publish","type":"product","link":"https:\/\/gtmprofessional.com\/en\/product\/elephants-trunk-3\/","title":{"rendered":"Elephants Trunk 3"},"content":{"rendered":"<p>-<\/p>","protected":false},"excerpt":{"rendered":"<p>De Elephants Trunk 3 is het nieuwe ergonomische harnas van GTM Professional<br \/>\nwaarmee je heggen snoeit zonder vermoeid te raken. Het harnas wordt als een<br \/>\nrugtas gedragen en heeft een optimale ventilatie. Met de verstelbare schouder-<br \/>\nen heupbanden biedt de Elephants Trunk een comfortabele pasvorm voor ieder<br \/>\nlichaam.<\/p>\n<p>De katrol op de rug heeft een trekkracht van 3 kg. Zo wordt een groot deel<br \/>\nvan het gewicht van de heggenschaar uit handen genomen en verplaatst naar de<br \/>\nheupen. De Elephants Trunk kan tevens gebruikt worden voor ander draagbaar<br \/>\ntuingereedschap tussen de 4,5 en 8 kg, behalve voor kettingzagen. Het<br \/>\ngereedschap wordt middels de grote karabijnhaak aan het harnas bevestigd. Voor<br \/>\nbatterij aangedreven heggenscharen en anders tuingereedschap met<br \/>\ntweehandsbeveiliging, gebruik het meegeleverde bevestigingskoord.<\/p>\n<p>Via de geleide rollen beweegt de staalkabel soepel in iedere richting, ook<br \/>\nbij het werken boven je macht. De aluminium buis is draaibaar om te voorkomen<br \/>\ndat deze blijft steken in de heg. Bovendien is de buis in lengte verstelbaar \u00e9n<br \/>\nvolledig inklapbaar zodat je het harnas compact kunt opbergen of meenemen.<\/p>\n<p>Een hele dag lang heggen snoeien? De Elephants Trunk 3 zorgt voor minder<br \/>\nspierpijn en meer rendement. Het vraagt minder inspanning van je lichaam zodat<br \/>\nje niet alleen sneller, maar ook veiliger werkt.<\/p>","protected":false},"featured_media":132689,"comment_status":"open","ping_status":"closed","template":"","meta":{"_acf_changed":false},"product_brand":[],"product_cat":[2350],"product_tag":[],"class_list":{"0":"post-119214","1":"product","2":"type-product","3":"status-publish","4":"has-post-thumbnail","6":"product_cat-elephants-trunk","8":"first","9":"onbackorder","10":"shipping-taxable","11":"purchasable","12":"product-type-simple"},"acf":{"media":{"afbeelding_1":131355,"afbeelding_2":131356,"afbeelding_3":131357,"afbeelding_4":131358,"afbeelding_5":131359,"video":"https:\/\/www.youtube.com\/watch?v=kVm14mctk4U","video_thumbnail":131359},"de":{"titel_en":"","omschrijving_de":"\r\n<p>Der Elephants Trunk 3 ist der neue ergonomische Tragegurt von GTM \r\nProfessional, mit dem Sie erm\u00fcdungsfrei Hecken schneiden k\u00f6nnen. Der Tragegurt \r\nwird wie ein Rucksack getragen und hat eine optimale Bel\u00fcftung. Mit den \r\nverstellbaren Schulter- und H\u00fcftgurten bietet der Elephants Trunk eine bequeme \r\nPassform f\u00fcr jeden K\u00f6rper.<\/p>\r\n<p>Die Umlenkrolle auf der R\u00fcckseite hat eine Zugkraft von 3 kg. Auf diese Weise \r\nwird ein Gro\u00dfteil des Gewichts vom Heckenstamm genommen und auf die H\u00fcften \r\nverlagert. Der Elephants Trunk 3 kann auch f\u00fcr andere tragbare Gartenger\u00e4te \r\nzwischen 4,5 und 8 kg verwendet werden, au\u00dfer f\u00fcr Kettens\u00e4gen. Das Werkzeug wird \r\nmit dem gro\u00dfen Karabiner am Gurt befestigt. F\u00fcr Akku-Heckenscheren und andere \r\nGartenger\u00e4te mit Zweihandsicherung verwenden Sie die mitgelieferte \r\nHalteschnur.<\/p>\r\n<p>Das Stahlseil bewegt sich \u00fcber die F\u00fchrungsrollen reibungslos in jede \r\nRichtung, selbst bei Arbeiten \u00fcber Kopf. Das Aluminiumrohr ist drehbar, damit es \r\nnicht in der Hecke h\u00e4ngen bleibt. Dar\u00fcber hinaus ist der Schlauch \r\nl\u00e4ngenverstellbar und vollst\u00e4ndig zusammenklappbar, sodass Sie den Tragegurt \r\nkompakt verstauen oder mitnehmen k\u00f6nnen.<\/p>\r\n<p>Den ganzen Tag Hecken schneiden? Der Elephants Trunk 3 sorgt f\u00fcr weniger \r\nMuskelschmerzen und mehr Leistungsf\u00e4higkeit. Es erfordert weniger Anstrengung \r\nvon Ihrem K\u00f6rper, sodass Sie nicht nur schneller, sondern auch sicherer \r\narbeiten.<\/p>","specs_overview_de":"\r\n<ul>\r\n  <li>Ergonomischer Tragegurt ET3<\/li>\r\n  <li>Sicher und einfach im Gebrauch<\/li>\r\n  <li>F\u00fcr verschiedene Maschinen<\/li>\r\n  <li>Faltbar<\/li><\/ul>","specs_de":""},"nl":{"specs_overview_nl":"\r\n<ul>\r\n  <li>Ergonomisch harnas ET3<\/li>\r\n  <li>Verlicht het werk<\/li>\r\n  <li>Voor diverse machines<\/li>\r\n  <li>Inklapbaar<\/li><\/ul>"},"cat":"ET","attributes":[{"attribute_acf":"dwactie","term_acf":"False"},{"attribute_acf":"dwartcat_code","term_acf":"ET"},{"attribute_acf":"dwcompo","term_acf":"False"},{"attribute_acf":"dwctwebsupgrp_code_0","term_acf":"ETRUNK"},{"attribute_acf":"dwfpagekeurd","term_acf":"False"},{"attribute_acf":"dwhaksuitvoer","term_acf":"False"},{"attribute_acf":"dwleveringdealer","term_acf":"False"},{"attribute_acf":"dwnieuw","term_acf":"True"},{"attribute_acf":"dwonderdelentekening","term_acf":"False"},{"attribute_acf":"dwpriority","term_acf":"999"},{"attribute_acf":"dwseizoen","term_acf":"False"},{"attribute_acf":"dwvijlbaar","term_acf":"False"},{"attribute_acf":"dwvozinclhoes","term_acf":"False"},{"attribute_acf":"dwvzinclhoes","term_acf":"False"},{"attribute_acf":"dwyoutube","term_acf":"kVm14mctk4U"},{"attribute_acf":"dwzichtbaarparticulier","term_acf":"True"},{"attribute_acf":"dwzichtbaarwebsite","term_acf":"True"},{"attribute_acf":"lift","term_acf":"False"}],"elynx_update_at":"2026-05-01T06:50:20.433Z"},"_links":{"self":[{"href":"https:\/\/gtmprofessional.com\/en\/wp-json\/wp\/v2\/product\/119214","targetHints":{"allow":["GET"]}}],"collection":[{"href":"https:\/\/gtmprofessional.com\/en\/wp-json\/wp\/v2\/product"}],"about":[{"href":"https:\/\/gtmprofessional.com\/en\/wp-json\/wp\/v2\/types\/product"}],"replies":[{"embeddable":true,"href":"https:\/\/gtmprofessional.com\/en\/wp-json\/wp\/v2\/comments?post=119214"}],"wp:featuredmedia":[{"embeddable":true,"href":"https:\/\/gtmprofessional.com\/en\/wp-json\/wp\/v2\/media\/132689"}],"wp:attachment":[{"href":"https:\/\/gtmprofessional.com\/en\/wp-json\/wp\/v2\/media?parent=119214"}],"wp:term":[{"taxonomy":"product_brand","embeddable":true,"href":"https:\/\/gtmprofessional.com\/en\/wp-json\/wp\/v2\/product_brand?post=119214"},{"taxonomy":"product_cat","embeddable":true,"href":"https:\/\/gtmprofessional.com\/en\/wp-json\/wp\/v2\/product_cat?post=119214"},{"taxonomy":"product_tag","embeddable":true,"href":"https:\/\/gtmprofessional.com\/en\/wp-json\/wp\/v2\/product_tag?post=119214"}],"curies":[{"name":"wp","href":"https:\/\/api.w.org\/{rel}","templated":true}]}}