{"id":120163,"date":"2024-06-08T06:27:17","date_gmt":"2024-06-08T06:27:17","guid":{"rendered":"https:\/\/gtmprofessional.com\/product\/1800r-honda\/"},"modified":"2026-05-03T03:00:45","modified_gmt":"2026-05-03T03:00:45","slug":"1800r-honda","status":"publish","type":"product","link":"https:\/\/gtmprofessional.com\/en\/product\/1800r-honda\/","title":{"rendered":"1800R Honda"},"content":{"rendered":"<ul>\n<li>Motor: Honda GX630 V-twin<\/li>\n<li>Vermogen: 21 pk \/ 15,5 kW<\/li>\n<li>Cilinderinhoud: 688 cc<\/li>\n<li>Tankinhoud: 10 l<\/li>\n<li>Brandstof: Euro98 (E5)<\/li>\n<li>Max. diameter hout: 12 cm<\/li>\n<li>Invoer hoogte: 111 cm<\/li>\n<li>Invoer afmetingen: 50 x 35 cm<\/li>\n<li>Uitvoer hoogte: 170 cm<\/li>\n<li>Uitvoer richting: 270\u00b0 draaibaar<\/li>\n<li>Deflector traploos tot 100\u00b0 aanpasbaar<\/li>\n<li>Noodstop beugel en veiligheidschakelaars<\/li>\n<li>2 PRO messen + 1 tegenmes<\/li>\n<li>Afmetingen (l x b x h): 215 x 72 x 170 cm<\/li>\n<li>Gewicht: 400 kg<\/li>\n<\/ul>\n<p>Rupsonderstel:&nbsp;<\/p>\n<ul>\n<li>Honda GX160 (5 pk)<\/li>\n<li>Aantal versnellingen: 3 x vooruit en 1 x achteruit<\/li>\n<li>Max. snelheid: 3,7 km\/u<\/li>\n<li>Breedte rupsbanden: 18 cm<\/li>\n<\/ul>","protected":false},"excerpt":{"rendered":"<p>De 1800R is voorzien van rupsbanden om op ruw en moeilijk begaanbaar terrein te opereren. Daarmee is deze machine niet alleen geschikt voor tuin en park, maar ook voor de bosbouw. De lage en stijve constructie kan gemakkelijk steile hellingen tot 20\u00b0 aan.<\/p>\n<p>Deze zelfrijdende houtversnipperaar is voorzien van een effici\u00ebnt rotorversnippersysteem dat wordt aangedreven door een sterkte 21 pk Honda GX630 V-twin motor. Takken tot 12 cm (droog hout 10 cm) worden vanzelf naar binnen getrokken en moeiteloos verwerkt tot mooie, fijne houtsnippers.<\/p>\n<p>Het rupsonderstel wordt aangedreven door een Honda GX160 motor en heeft 3 snelheden vooruit en 1 achteruit. Met een breedte van slechts 72 cm past de machine met gemak door smalle doorgangen. Ook het in- en uitladen in een bus of trailer kost geen moeite meer dankzij dit besturingssysteem.<\/p>\n<p>Om aan alle wensen van de professional te voldoen is de 1800R standaard uitgerust met een urenteller, extra benzinetank (10 liter) \u00e9n een 270\u00b0 draaibare uitvoer. De deflector op de uitvoer is nog eens tot 100\u00b0 aanpasbaar zodat je de snippers in iedere gewenste richting kunt blazen.<\/p>\n<p>De 1800R is onafhankelijk gekeurd en voldoet aan de hoogste veiligheidseisen, waaronder de strenge bosbouwnorm (NEN-EN 13525:2020). De machine is uitgerust met een veiligheidsbeugel rondom de invoer en veiligheidsschakelaars op zowel de invoer als de uitvoer.<\/p>","protected":false},"featured_media":133865,"comment_status":"open","ping_status":"closed","template":"","meta":{"_acf_changed":false},"product_brand":[],"product_cat":[2352],"product_tag":[],"class_list":{"0":"post-120163","1":"product","2":"type-product","3":"status-publish","4":"has-post-thumbnail","6":"product_cat-hakselaar","8":"first","9":"instock","10":"shipping-taxable","11":"purchasable","12":"product-type-simple"},"acf":{"media":{"afbeelding_1":131520,"afbeelding_2":131521,"afbeelding_3":131522,"afbeelding_4":"","afbeelding_5":"","video":"https:\/\/www.youtube.com\/watch?v=PXQRyfxnlV1","video_thumbnail":131522},"de":{"titel_en":"","omschrijving_de":"<p>Der 1800R ist mit Raupen ausgestattet, um in unwegsamem und schwierigem Gel\u00e4nde arbeiten zu k\u00f6nnen. Damit ist er nicht nur f\u00fcr Garten und Park, sondern auch f\u00fcr die Forstwirtschaft geeignet. Die niedrige und steife Konstruktion bew\u00e4ltigt m\u00fchelos steile H\u00e4nge von bis zu 20\u00b0.<\/p>\r\n\r\n<p>Diese selbstfahrender H\u00e4cksler ist mit einem effizienten Rotorschreddersystem ausgestattet, das von einem starken Honda GX630 V-twin-Motor mit 21 PS angetrieben wird. \u00c4ste bis zu 12 cm (trockenes Holz 10 cm) werden automatisch eingezogen und m\u00fchelos zu sch\u00f6nen, feinen Holzsp\u00e4nen verarbeitet.<\/p>\r\n\r\n<p>Das Raupenfahrwerk wird von einem Honda GX160-Motor angetrieben und hat 3 Vorw\u00e4rts- und 1 R\u00fcckw\u00e4rtsgang. Mit einer Breite von nur 72 cm passt die Maschine problemlos durch enge Passagen. Auch das Be- und Entladen eines Busses oder Anh\u00e4ngers ist dank dieses Kontrollsystems kein Problem mehr.<\/p>\r\n\r\n<p>Um allen Anforderungen des Profis gerecht zu werden, ist der 1800R serienm\u00e4\u00dfig mit einem Betriebsstundenz\u00e4hler, einem zus\u00e4tzlichen Benzintank (10 Liter) und einem 270\u00b0 drehbaren Auswurf ausgestattet. Der Deflektor am Ausgang kann bis zu 100\u00b0 eingestellt werden, so dass Sie die Schnipsel in jede gew\u00fcnschte Richtung blasen k\u00f6nnen.<\/p>\r\n\r\n<p>Der 1800R wurde von unabh\u00e4ngiger Seite gepr\u00fcft und erf\u00fcllt die h\u00f6chsten Sicherheitsanforderungen, einschlie\u00dflich der strengen forstwirtschaftlichen Norm (NEN-EN 13525:2020). Die Maschine ist mit einem Sicherheitsdruckleiste den Einfuhr und Sicherheitsschaltern sowohl am Einfuhr als auch am Auswurf ausgestattet.<\/p>","specs_overview_de":"\r\n<ul>\r\n  <li>Auf Raupen<\/li>\r\n  <li>Mit drehbare Auswurf<\/li>\r\n  <li>Honda GX630 V-twin - 21 Ps<\/li>\r\n  <li>Astst\u00e4rke bis 12 cm<\/li><\/ul>","specs_de":"\r\n<ul>\r\n  <li>Motor: Honda GX630 V-twin<\/li>\r\n  <li>Leistung: 21 PS \/ 15,5 kW<\/li>\r\n  <li>Verdr\u00e4ngung: 688 cc<\/li>\r\n  <li>Tankkapazit\u00e4t: 10 l <\/li>\r\n  <li>Kraftstoff: Euro98 (E5)<\/li>\r\n  <li>Max. Astst\u00e4rke: 12 cm<\/li>\r\n  <li>H\u00f6he der Einfuhr: 111 cm<\/li>\r\n  <li>Abmessungen Einfuhr: 50 x 35 cm<\/li>\r\n  <li>Auswurfh\u00f6he: 170 cm<\/li>\r\n  <li>Auswurfrichtung: drehbar bis zu 270\u00ba<\/li>\r\n  <li>Deflektor: stufenlos einstellbar bis zu 100\u00b0<\/li>\r\n  <li>Sicherheitsb\u00fcgel und Sicherheitsschaltern<\/li>\r\n  <li>2 PRO Klingen + 1 Gegenklinge<\/li>\r\n  <li>Abmessungen (L x B x H): 215 x 72 x 170 cm<\/li>\r\n  <li>Gewicht: 400 kg<\/li><\/ul>Gestell:\r\n<ul>\r\n  <li>Honda GX160 (5 PS)<\/li>\r\n  <li>Anzahl der G\u00e4nge: 3 x vorw\u00e4rts und 1 x r\u00fcckw\u00e4rts <\/li>\r\n  <li>Max. Geschwindigkeit: 3,7 km\/S<\/li>\r\n  <li>Breite der Raupen: 18 cm<\/li><\/ul>"},"nl":{"specs_overview_nl":"\r\n<ul>\r\n  <li>Op rupsbanden<\/li>\r\n  <li>Met draaibare uitvoer<\/li>\r\n  <li>Honda GX630 V-twin - 21 pk<\/li>\r\n  <li>Diameter takken tot 12 cm<\/li><\/ul>"},"cat":"HAKS","attributes":[{"attribute_acf":"dwactie","term_acf":"False"},{"attribute_acf":"dwartcat_code","term_acf":"HAKS"},{"attribute_acf":"dwcompo","term_acf":"False"},{"attribute_acf":"dwctwebsupgrp_code","term_acf":"HAKS"},{"attribute_acf":"dwfpagekeurd","term_acf":"False"},{"attribute_acf":"dwhaksmotor_code","term_acf":"BENZINE"},{"attribute_acf":"dwhaksserie_code","term_acf":"1800"},{"attribute_acf":"dwhakstakdia_code","term_acf":"12"},{"attribute_acf":"dwhaksuitvoer","term_acf":"True"},{"attribute_acf":"dwhaksverpl_code","term_acf":"RUPS"},{"attribute_acf":"dwleveringdealer","term_acf":"True"},{"attribute_acf":"dwnieuw","term_acf":"False"},{"attribute_acf":"dwonderdelentekening","term_acf":"True"},{"attribute_acf":"dwpriority","term_acf":"949"},{"attribute_acf":"dwseizoen","term_acf":"False"},{"attribute_acf":"dwvijlbaar","term_acf":"False"},{"attribute_acf":"dwvozinclhoes","term_acf":"False"},{"attribute_acf":"dwvzinclhoes","term_acf":"False"},{"attribute_acf":"dwyoutube","term_acf":"PXQRyfxnlV0"},{"attribute_acf":"dwzichtbaarparticulier","term_acf":"True"},{"attribute_acf":"dwzichtbaarwebsite","term_acf":"True"},{"attribute_acf":"lift","term_acf":"False"}],"elynx_update_at":"2026-04-11T06:30:54.712Z"},"_links":{"self":[{"href":"https:\/\/gtmprofessional.com\/en\/wp-json\/wp\/v2\/product\/120163","targetHints":{"allow":["GET"]}}],"collection":[{"href":"https:\/\/gtmprofessional.com\/en\/wp-json\/wp\/v2\/product"}],"about":[{"href":"https:\/\/gtmprofessional.com\/en\/wp-json\/wp\/v2\/types\/product"}],"replies":[{"embeddable":true,"href":"https:\/\/gtmprofessional.com\/en\/wp-json\/wp\/v2\/comments?post=120163"}],"wp:featuredmedia":[{"embeddable":true,"href":"https:\/\/gtmprofessional.com\/en\/wp-json\/wp\/v2\/media\/133865"}],"wp:attachment":[{"href":"https:\/\/gtmprofessional.com\/en\/wp-json\/wp\/v2\/media?parent=120163"}],"wp:term":[{"taxonomy":"product_brand","embeddable":true,"href":"https:\/\/gtmprofessional.com\/en\/wp-json\/wp\/v2\/product_brand?post=120163"},{"taxonomy":"product_cat","embeddable":true,"href":"https:\/\/gtmprofessional.com\/en\/wp-json\/wp\/v2\/product_cat?post=120163"},{"taxonomy":"product_tag","embeddable":true,"href":"https:\/\/gtmprofessional.com\/en\/wp-json\/wp\/v2\/product_tag?post=120163"}],"curies":[{"name":"wp","href":"https:\/\/api.w.org\/{rel}","templated":true}]}}