{"id":119314,"date":"2024-06-08T06:16:33","date_gmt":"2024-06-08T06:16:33","guid":{"rendered":"https:\/\/gtmprofessional.com\/product\/balancer-elephants-trunk\/"},"modified":"2026-04-16T13:00:59","modified_gmt":"2026-04-16T13:00:59","slug":"balancer-elephants-trunk","status":"publish","type":"product","link":"https:\/\/gtmprofessional.com\/fr\/product\/balancer-elephants-trunk\/","title":{"rendered":"Balancer Elephants Trunk"},"content":{"rendered":"<ul>\n<li>Katrol Elephants Trunk<\/li>\n<\/ul>","protected":false},"excerpt":{"rendered":"<p>De Elephants Trunk van GTM Professional is voorzien van een professionele katrol. Deze katrol is slijtvast en zeer geschikt voor intensief professioneel gebruik. Deze nieuwe katrol is direct klaar voor gebruik. <\/p>\n<p><strong>Elephants Trunk<\/strong><\/p>\n<p>Het hoeft geen betoog dat heggen scheren erg zwaar is. Zowel de armen, schouders en rug worden extreem belast. Vooral tijdens het seizoen werken professionals tot 8 uur per dag met een heggenschaar, met alle risico's op letsels van dien. Om dit tegen te gaan heeft GTM professional de \"Elephants Trunk\" ontwikkeld, een ergonomisch harnas gebaseerd op het rugzak-principe, die het gewicht van de heggenschaar verlegt van de armen en schouders naar de heupen. De katrol neemt het grootste gedeelte van het gewicht van de heggenschaar over, waardoor deze niet meer dan 1,5 kg weegt.<\/p>","protected":false},"featured_media":124933,"comment_status":"open","ping_status":"closed","template":"","meta":{"_acf_changed":false},"product_brand":[],"product_cat":[2344],"product_tag":[],"class_list":{"0":"post-119314","1":"product","2":"type-product","3":"status-publish","4":"has-post-thumbnail","6":"product_cat-gtm-onderdelen-overig","8":"first","9":"instock","10":"shipping-taxable","11":"purchasable","12":"product-type-simple"},"acf":{"media":{"afbeelding_1":null,"afbeelding_2":null,"afbeelding_3":null,"afbeelding_4":null,"afbeelding_5":null,"video":null,"video_thumbnail":null},"de":{"titel_en":"","omschrijving_de":"<p><strong>Zugroller Elephants Trunk<\/strong><\/p>\r\n<p>Der Elephants Trunk von GTM Professional ist mit einer professionellen Zugrolle versehen worden. Diese Zugrolle ist verschlei\u00dffest und sehr geeignet f\u00fcr intensive professionelle Anwendung. Die Zugrolle soll vor dem Gebrauch zun\u00e4chst eingestellt werden. Es ist dabei sehr wichtig da\u00df Sie die Richtlinien in der Anleitung beobachten. Wenn Sie diese Richtlinien nicht beobachten, k\u00f6nnte Schaden an der Zugrolle entstehen. Sie finden die Anleitung in der Verpackung der Zugrolle. Wenn Sie auf das zweite Photo klicken, erscheint ein kurzes Schema um die Zugrolle bei der Inbetriebsetzung ein zu stellen und zu sperren. <\/p>\r\n<p><strong>Zugrolle Harnisch \"Elephants Trunk\"<\/strong><\/p>\r\n<p>Es bedarf keiner Er\u00f6rterung da\u00df Hecken Scheren sehr schwer ist. Sowohl die Arme, Schultern und der R\u00fccken werden extrem belastet. Professionals arbeiten bis zu 8 Stunden pro Tag mit einer Heckenschere, mit allen Verletzungsrisiken die es gibt.<\/p>\r\n<p>Deshalb ist jetzt der \"Elephants Trunk\" entwickelt worden, der das Gewicht der Heckenschere von den Armen und Schultern nach den H\u00fcften verlegt. Die Zugrolle \u00fcbernimmt das gr\u00f6\u00dfte Teil des Gewichts der Heckenschere. Die L\u00e4nge des Zugrollekabels und die Form des B\u00fcgels sind so entwickelt worden da\u00df man dieselbe Bewegungsfreiheit hat als ohne Harnisch. Das macht da\u00df man viel l\u00e4nger und ohne M\u00fche arbeiten kann, wobei ein h\u00f6herer Ertrag und ein besseres Ergebnis erreicht werden.<\/p>","specs_overview_de":"<!DOCTYPE HTML PUBLIC \"-\/\/W3C\/\/DTD HTML 4.0 Transitional\/\/EN\">\r\n<html><head>\r\n<meta content=\"text\/html; charset=utf-8\" http-equiv=\"Content-Type\" \/>\r\n<\/head>\r\n<body>\r\n<ul>\r\n  <li>Zugroller Elephants Trunk<\/li><\/ul><\/body><\/html>","specs_de":"<!DOCTYPE HTML PUBLIC \"-\/\/W3C\/\/DTD HTML 4.0 Transitional\/\/EN\">\r\n<html><head>\r\n<meta content=\"text\/html; charset=utf-8\" http-equiv=\"Content-Type\" \/>\r\n<\/head>\r\n<body>\r\n<ul>\r\n  <li>Zugroller Elephants Trunk<\/li><\/ul><\/body><\/html>"},"nl":{"specs_overview_nl":"<!DOCTYPE HTML PUBLIC \"-\/\/W3C\/\/DTD HTML 4.0 Transitional\/\/EN\">\r\n<html><head>\r\n<meta content=\"text\/html; charset=utf-8\" http-equiv=\"Content-Type\" \/>\r\n<\/head>\r\n<body>\r\n<ul>\r\n  <li>Katrol Elephants Trunk<\/li><\/ul><\/body><\/html>"},"cat":"OVERIG","attributes":[{"attribute_acf":"dwactie","term_acf":"False"},{"attribute_acf":"dwartcat_code","term_acf":"OVERIG"},{"attribute_acf":"dwcompo","term_acf":"False"},{"attribute_acf":"dwctwebhfdgrp_code","term_acf":"TUIN"},{"attribute_acf":"dwctwebsupgrp_code","term_acf":"ACCT"},{"attribute_acf":"dwfpagekeurd","term_acf":"False"},{"attribute_acf":"dwhaksuitvoer","term_acf":"False"},{"attribute_acf":"dwleveringdealer","term_acf":"False"},{"attribute_acf":"dwnieuw","term_acf":"False"},{"attribute_acf":"dwonderdelentekening","term_acf":"False"},{"attribute_acf":"dwpriority","term_acf":"0"},{"attribute_acf":"dwseizoen","term_acf":"False"},{"attribute_acf":"dwvijlbaar","term_acf":"False"},{"attribute_acf":"dwvozinclhoes","term_acf":"False"},{"attribute_acf":"dwvzinclhoes","term_acf":"False"},{"attribute_acf":"dwzichtbaarparticulier","term_acf":"True"},{"attribute_acf":"dwzichtbaarwebsite","term_acf":"True"},{"attribute_acf":"dwzoekterm","term_acf":"Balancer Elephants Trunk"},{"attribute_acf":"lift","term_acf":"False"}],"elynx_update_at":""},"_links":{"self":[{"href":"https:\/\/gtmprofessional.com\/fr\/wp-json\/wp\/v2\/product\/119314","targetHints":{"allow":["GET"]}}],"collection":[{"href":"https:\/\/gtmprofessional.com\/fr\/wp-json\/wp\/v2\/product"}],"about":[{"href":"https:\/\/gtmprofessional.com\/fr\/wp-json\/wp\/v2\/types\/product"}],"replies":[{"embeddable":true,"href":"https:\/\/gtmprofessional.com\/fr\/wp-json\/wp\/v2\/comments?post=119314"}],"wp:featuredmedia":[{"embeddable":true,"href":"https:\/\/gtmprofessional.com\/fr\/wp-json\/wp\/v2\/media\/124933"}],"wp:attachment":[{"href":"https:\/\/gtmprofessional.com\/fr\/wp-json\/wp\/v2\/media?parent=119314"}],"wp:term":[{"taxonomy":"product_brand","embeddable":true,"href":"https:\/\/gtmprofessional.com\/fr\/wp-json\/wp\/v2\/product_brand?post=119314"},{"taxonomy":"product_cat","embeddable":true,"href":"https:\/\/gtmprofessional.com\/fr\/wp-json\/wp\/v2\/product_cat?post=119314"},{"taxonomy":"product_tag","embeddable":true,"href":"https:\/\/gtmprofessional.com\/fr\/wp-json\/wp\/v2\/product_tag?post=119314"}],"curies":[{"name":"wp","href":"https:\/\/api.w.org\/{rel}","templated":true}]}}