{"id":119901,"date":"2024-06-08T06:24:34","date_gmt":"2024-06-08T06:24:34","guid":{"rendered":"https:\/\/gtmprofessional.com\/product\/600-elektrisch\/"},"modified":"2026-05-03T03:00:57","modified_gmt":"2026-05-03T03:00:57","slug":"600-elektrisch","status":"publish","type":"product","link":"https:\/\/gtmprofessional.com\/fr\/product\/600-elektrisch\/","title":{"rendered":"600 Elektrisch"},"content":{"rendered":"<ul>\n<li>Elektrische motor\n  <\/li>\n<li>Vermogen: 2.2 kW\n  <\/li>\n<li>Max. diamater hout: 5 cm\n  <\/li>\n<li>Invoerhoogte: 113 cm&nbsp;\n  <\/li>\n<li>Invoer afmetingen: 25 x 25 cm\n  <\/li>\n<li>Uitvoer hoogte: 81 cm\n  <\/li>\n<li>Deflector: traploos aanpasbaar tot 85\u00b0\n  <\/li>\n<li>Noodstop\n  <\/li>\n<li>Diameter wielen: 26 cm\n  <\/li>\n<li>Wielen met kogellagers\n  <\/li>\n<li>2 PRO messen + 1 tegenmes\n  <\/li>\n<li>Afmetingen (l x b x h): 127 x 57 x 133 cm\n  <\/li>\n<li>Gewicht: 68 kg<\/li>\n<\/ul>","protected":false},"excerpt":{"rendered":"<p>De 600E is een zeer compacte en lichtgewicht houtversnipperaar met dezelfde werksnelheid als de 1300 of 900. Dat is dus het ideale formaat voor de particulier, maar dan wel met de hoge prestaties van een professionele machine. Takken met een diameter tot 5 cm worden automatisch naar binnen getrokken en moeiteloos versnipperd met een mooie kwaliteit houtsnipper als resultaat. Het versnipperde materiaal is ideaal als bodembedekker of opvulling van borders en tuinpaden.<\/p>\n<p>De houtversnipperaar is voorzien van een effici\u00ebnt rotor versnippersysteem en geschikt voor alle houtsoorten. Daarnaast kan er ook ander zacht organisch materiaal mee versnipperd worden zolang dit tegelijk met de takken wordt ingevoerd. De uitvoer heeft de ideale vorm voor een goede doorstroom van materiaal en is daarnaast hoog genoeg om een kruiwagen onder te plaatsen. Met de verstelbare deflector kan de uitvoerhoogte tot 85\u00b0 worden aangepast.<\/p>\n<p>De 600E staat op een robuust onderstel met twee luchtbanden. Met de duwbeugel kan de machine gemakkelijk verplaatst worden. Weinig plaats in de opslag? Dat is geen probleem, want de 600E heeft een handige opklapfunctie waarbij de invoer omhoog geklapt wordt. De uitvoer is eenvoudig te demonteren om in de invoer te plaatsen waardoor de machine n\u00f3g compacter is. Bekijk de video voor meer informatie.<\/p>\n<p>Ook aan de veiligheid is gedacht. Op het rotorhuis is een blokkeerfunctie van de rotor toegepast met twee standen: voor opslag en voor onderhoud. De 600E is voorzien van een noodstop die de motor direct stopt en de machine voldoet onder andere aan de strenge NEN-EN 13683+A2 tuinmachinenorm.<\/p>","protected":false},"featured_media":133479,"comment_status":"open","ping_status":"closed","template":"","meta":{"_acf_changed":false},"product_brand":[],"product_cat":[2352],"product_tag":[],"class_list":{"0":"post-119901","1":"product","2":"type-product","3":"status-publish","4":"has-post-thumbnail","6":"product_cat-hakselaar","8":"first","9":"instock","10":"shipping-taxable","11":"purchasable","12":"product-type-simple"},"acf":{"media":{"afbeelding_1":131413,"afbeelding_2":131414,"afbeelding_3":"","afbeelding_4":"","afbeelding_5":"","video":"","video_thumbnail":""},"de":{"titel_en":"","omschrijving_de":"\r\n<p>Der 600E ist ein sehr kompakter und leichter H\u00e4cksler mit der gleichen \r\nLeistung wie der 1300 oder 900. Er bietet daher die ideale L\u00f6sung f\u00fcr den \r\nPrivatmann mit gleichzeitig der hohen Effizienz einer professionellen Maschine. \r\n\u00c4ste mit einem Durchmesser bis zu 5 cm werden automatisch nach innen gezogen und \r\nm\u00fchelos zerkleinert, wodurch hochwertiges und feines H\u00e4ckselgut entsteht. Das \r\nzerkleinerte Material eignet sich ideal als Bodendecker oder zum Auff\u00fcllen von \r\nBeeten und Gartenwegen.<\/p>\r\n<p>Der H\u00e4cksler ist mit einem effizienten Rotorschreddersystem ausgestattet und \r\nf\u00fcr alle Holzarten geeignet. Er kann auch zum Zerkleinern anderer weicher \r\norganischer Materialien verwendet werden, solange diese gleichzeitig mit \u00c4sten \r\nzugef\u00fchrt werden. Der Auswurf verf\u00fcgt \u00fcber die ideale Bauform f\u00fcr einen \r\neinwandfreien Materialfluss und ist au\u00dferdem hoch genug, um eine Schubkarre \r\ndarunter zu platzieren. Mit dem verstellbaren Deflektor kann die Auswurfh\u00f6he bis \r\nzu 85\u00b0 verstellt werden.<\/p>\r\n<p>Der 600E steht auf einem stabilen Untergestell mit zwei luftbereiften R\u00e4dern. \r\nMit dem Schiebeb\u00fcgel l\u00e4sst sich die Maschine leicht verschieben. Wenig Stauraum \r\nzur Verf\u00fcgung? Das ist kein Problem, denn der 600E verf\u00fcgt \u00fcber eine praktische \r\nFaltfunktion, bei der die Einfuhr hochgeklappt wird. Der Auswurf l\u00e4sst sich \r\nleicht abnehmen, um ihn in die Einfuhr zu legen, wodurch die Maschine noch \r\nkompakter wird. Sehen Sie sich folgendes Video f\u00fcr weitere Informationen an.<\/p>\r\n<p>Auch die Sicherheit wurde ber\u00fccksichtigt. Auf dem Rotorgeh\u00e4use wurde eine \r\nRotorblockierfunktion mit zwei Positionen angebracht: Zur Lagerung und zur \r\nWartung. Der 600E ist mit einem Notstopp ausgestattet, der den Motor sofort \r\nstoppt. Die Maschine erf\u00fcllt zudem die strenge Gartenger\u00e4te-Norm NEN-EN \r\n13683+A2.<\/p>","specs_overview_de":"\r\n<ul>\r\n  <li>H\u00e4cksler 600E <\/li>\r\n  <li>Elektromotor <\/li>\r\n  <li>2,2 kW <\/li>\r\n  <li>Astst\u00e4rke bis 5 cm<\/li><\/ul>","specs_de":"\r\n<ul>\r\n  <li>Elektromotor \r\n  <\/li><li>Leistung: 2.2 kW \r\n  <\/li><li>Max. Astst\u00e4rke: 5 cm \r\n  <\/li><li>H\u00f6he der Einfuhr: 113 cm \r\n  <\/li><li>Abmessungen Einfuhr: 25 x 25 cm \r\n  <\/li><li>Auswurfh\u00f6he: 81 cm \r\n  <\/li><li>Deflektor: stufenlos einstellbar bis zu 85\u00b0 \r\n  <\/li><li>Notstopp \r\n  <\/li><li>Raddurchmesser: 26 cm \r\n  <\/li><li>R\u00e4der mit Kugellagern \r\n  <\/li><li>PRO Messer + 1 Gegen Messer \r\n  <\/li><li>Abmessungen (L x B x H): 127 x 57 x 133 cm \r\n  <\/li><li>Gewicht: 68 kg<\/li><\/ul>"},"nl":{"specs_overview_nl":"\r\n<ul>\r\n  <li>Houtversnipperaar 600E <\/li>\r\n  <li>Elektromotor <\/li>\r\n  <li>2,2 kW <\/li>\r\n  <li>Diameter takken tot 5 cm<\/li><\/ul>"},"cat":"HAKS","attributes":[{"attribute_acf":"dwactie","term_acf":"False"},{"attribute_acf":"dwartcat_code","term_acf":"HAKS"},{"attribute_acf":"dwcompo","term_acf":"False"},{"attribute_acf":"dwctwebsupgrp_code","term_acf":"HAKS"},{"attribute_acf":"dwfpagekeurd","term_acf":"False"},{"attribute_acf":"dwhaksmotor_code","term_acf":"ELEKTRISCH"},{"attribute_acf":"dwhaksserie_code","term_acf":"600"},{"attribute_acf":"dwhakstakdia_code","term_acf":"5"},{"attribute_acf":"dwhaksuitvoer","term_acf":"False"},{"attribute_acf":"dwhaksverpl_code","term_acf":"HAND"},{"attribute_acf":"dwleveringdealer","term_acf":"True"},{"attribute_acf":"dwnieuw","term_acf":"False"},{"attribute_acf":"dwonderdelentekening","term_acf":"True"},{"attribute_acf":"dwpriority","term_acf":"999"},{"attribute_acf":"dwseizoen","term_acf":"False"},{"attribute_acf":"dwvijlbaar","term_acf":"False"},{"attribute_acf":"dwvozinclhoes","term_acf":"False"},{"attribute_acf":"dwvzinclhoes","term_acf":"False"},{"attribute_acf":"dwyoutube","term_acf":"-NKl7T5eZ8Y"},{"attribute_acf":"dwzichtbaarparticulier","term_acf":"True"},{"attribute_acf":"dwzichtbaarwebsite","term_acf":"True"},{"attribute_acf":"lift","term_acf":"False"}],"elynx_update_at":"2026-04-25T06:25:07.974Z"},"_links":{"self":[{"href":"https:\/\/gtmprofessional.com\/fr\/wp-json\/wp\/v2\/product\/119901","targetHints":{"allow":["GET"]}}],"collection":[{"href":"https:\/\/gtmprofessional.com\/fr\/wp-json\/wp\/v2\/product"}],"about":[{"href":"https:\/\/gtmprofessional.com\/fr\/wp-json\/wp\/v2\/types\/product"}],"replies":[{"embeddable":true,"href":"https:\/\/gtmprofessional.com\/fr\/wp-json\/wp\/v2\/comments?post=119901"}],"wp:featuredmedia":[{"embeddable":true,"href":"https:\/\/gtmprofessional.com\/fr\/wp-json\/wp\/v2\/media\/133479"}],"wp:attachment":[{"href":"https:\/\/gtmprofessional.com\/fr\/wp-json\/wp\/v2\/media?parent=119901"}],"wp:term":[{"taxonomy":"product_brand","embeddable":true,"href":"https:\/\/gtmprofessional.com\/fr\/wp-json\/wp\/v2\/product_brand?post=119901"},{"taxonomy":"product_cat","embeddable":true,"href":"https:\/\/gtmprofessional.com\/fr\/wp-json\/wp\/v2\/product_cat?post=119901"},{"taxonomy":"product_tag","embeddable":true,"href":"https:\/\/gtmprofessional.com\/fr\/wp-json\/wp\/v2\/product_tag?post=119901"}],"curies":[{"name":"wp","href":"https:\/\/api.w.org\/{rel}","templated":true}]}}