{"id":119934,"date":"2024-06-08T06:24:59","date_gmt":"2024-06-08T06:24:59","guid":{"rendered":"https:\/\/gtmprofessional.com\/product\/tank-support-assy-gts1800r\/"},"modified":"2026-05-12T13:00:31","modified_gmt":"2026-05-12T13:00:31","slug":"tank-support-assy-gts1800r","status":"publish","type":"product","link":"https:\/\/gtmprofessional.com\/fr\/product\/tank-support-assy-gts1800r\/","title":{"rendered":"tank support assy GTS1800R"},"content":{"rendered":"","protected":false},"excerpt":{"rendered":"<p>Draaibare uitvoer voor alle GTS900 (compo) houtversnipperaars voor meer variaties aan uitvoer richtingen.<br \/>\nTECHNISCHE SPECIFICATIES - 180\u00b0 draaibaar - Deflector 85\u00b0 aanpasbaar<\/p>","protected":false},"featured_media":122515,"comment_status":"open","ping_status":"closed","template":"","meta":{"_acf_changed":false},"product_brand":[],"product_cat":[15],"product_tag":[],"class_list":{"0":"post-119934","1":"product","2":"type-product","3":"status-publish","4":"has-post-thumbnail","6":"product_cat-uncategorized","8":"first","9":"instock","10":"shipping-taxable","11":"purchasable","12":"product-type-simple"},"acf":{"media":{"afbeelding_1":null,"afbeelding_2":null,"afbeelding_3":null,"afbeelding_4":null,"afbeelding_5":null,"video":null,"video_thumbnail":null},"de":{"titel_en":"","omschrijving_de":"Drehbare Ausfuhr f\u00fcr alle GTS900 (Compo) H\u00e4cksler f\u00fcr mehr Variationen der Ausgaberichtungen.\nTECHNISCHE DATEN - 180 \u00b0 drehbar - Abweiser um 85 \u00b0 verstellbar","specs_overview_de":"- F\u00fcr GTS900-H\u00e4cksler\n- 180\u00b0 drehbar\n- Abweiser um 85 \u00b0 verstellbar","specs_de":""},"nl":{"specs_overview_nl":"- Voor GTS900 houtversnipperaars\n- 180\u00b0 draaibaar\n- Deflector 85\u00b0 aanpasbaar"},"cat":"","attributes":[{"attribute_acf":"dwactie","term_acf":"False"},{"attribute_acf":"dwcompo","term_acf":"False"},{"attribute_acf":"dwfpagekeurd","term_acf":"False"},{"attribute_acf":"dwhaksuitvoer","term_acf":"False"},{"attribute_acf":"dwleveringdealer","term_acf":"False"},{"attribute_acf":"dwnieuw","term_acf":"False"},{"attribute_acf":"dwonderdelentekening","term_acf":"False"},{"attribute_acf":"dwpriority","term_acf":"0"},{"attribute_acf":"dwseizoen","term_acf":"False"},{"attribute_acf":"dwvijlbaar","term_acf":"False"},{"attribute_acf":"dwvozinclhoes","term_acf":"False"},{"attribute_acf":"dwvzinclhoes","term_acf":"False"},{"attribute_acf":"dwzichtbaarparticulier","term_acf":"True"},{"attribute_acf":"dwzichtbaarwebsite","term_acf":"True"},{"attribute_acf":"lift","term_acf":"False"}],"elynx_update_at":""},"_links":{"self":[{"href":"https:\/\/gtmprofessional.com\/fr\/wp-json\/wp\/v2\/product\/119934","targetHints":{"allow":["GET"]}}],"collection":[{"href":"https:\/\/gtmprofessional.com\/fr\/wp-json\/wp\/v2\/product"}],"about":[{"href":"https:\/\/gtmprofessional.com\/fr\/wp-json\/wp\/v2\/types\/product"}],"replies":[{"embeddable":true,"href":"https:\/\/gtmprofessional.com\/fr\/wp-json\/wp\/v2\/comments?post=119934"}],"wp:featuredmedia":[{"embeddable":true,"href":"https:\/\/gtmprofessional.com\/fr\/wp-json\/wp\/v2\/media\/122515"}],"wp:attachment":[{"href":"https:\/\/gtmprofessional.com\/fr\/wp-json\/wp\/v2\/media?parent=119934"}],"wp:term":[{"taxonomy":"product_brand","embeddable":true,"href":"https:\/\/gtmprofessional.com\/fr\/wp-json\/wp\/v2\/product_brand?post=119934"},{"taxonomy":"product_cat","embeddable":true,"href":"https:\/\/gtmprofessional.com\/fr\/wp-json\/wp\/v2\/product_cat?post=119934"},{"taxonomy":"product_tag","embeddable":true,"href":"https:\/\/gtmprofessional.com\/fr\/wp-json\/wp\/v2\/product_tag?post=119934"}],"curies":[{"name":"wp","href":"https:\/\/api.w.org\/{rel}","templated":true}]}}