{"id":120341,"date":"2024-06-08T06:28:23","date_gmt":"2024-06-08T06:28:23","guid":{"rendered":"https:\/\/gtmprofessional.com\/product\/750-loncin\/"},"modified":"2026-05-03T03:00:34","modified_gmt":"2026-05-03T03:00:34","slug":"750-loncin","status":"publish","type":"product","link":"https:\/\/gtmprofessional.com\/fr\/product\/750-loncin\/","title":{"rendered":"750 Loncin"},"content":{"rendered":"<ul>\n<li>Motor: Loncin G270F\n  <\/li>\n<li>Vermogen: 9 pk \/ 6.6 kW\n  <\/li>\n<li>Cilinderinhoud: 270 cc\n  <\/li>\n<li>Tankinhoud: 6 l\n  <\/li>\n<li>Brandstof: Euro98 (E5)\n  <\/li>\n<li>Oliesensor\n  <\/li>\n<li>Max. diameter hout: 7 cm\n  <\/li>\n<li>Invoer hoogte: 113 cm\n  <\/li>\n<li>Invoer afmetingen: 25 x 31 cm\n  <\/li>\n<li>Uitvoer hoogte: 85 cm\n  <\/li>\n<li>Uitvoer richting: achter\n  <\/li>\n<li>Deflector: traploos aanpasbaar tot 60\u00b0\n  <\/li>\n<li>Noodstop\n  <\/li>\n<li>Diameter wielen: 26 cm\n  <\/li>\n<li>Wielen met kogellagers\n  <\/li>\n<li>2 PRO messen + 1 tegenmes\n  <\/li>\n<li>Afmetingen (l x b x h): 182 x 63 x 148 cm\n  <\/li>\n<li>Gewicht: 88 kg<\/li>\n<\/ul>","protected":false},"excerpt":{"rendered":"<p>De 750 heeft dezelfde compacte afmetingen als de 600, maar nog meer capaciteit dankzij een breder en zwaarder rotorsysteem. De houtversnipperaar is uitgerust met een sterke 9 pk Loncin motor en directe overbrenging naar het versnippersysteem.<\/p>\n<p>Takken tot 7 cm worden automatisch naar binnen getrokken en moeiteloos versnipperd met een mooie kwaliteit houtsnipper als resultaat. Het versnipperde materiaal is ideaal als bodembedekker of opvulling van borders en tuinpaden. Het is ook mogelijk om tegelijk bladeren en ander zacht materiaal in de machine te voeren, zodat tuinafval een nieuwe bestemming krijgt als mulch of compost.<\/p>\n<p>Met een uitvoerhoogte van 77 cm past er met gemak een kruiwagen onder om de snippers op te vangen. De deflector is tot 60\u00b0 aanpasbaar om de hoogte van het uitgeworpen materiaal te bepalen. De 750 is perfect gebalanceerd en staat op een robuust frame met twee luchtbanden. Door middel van de dubbele beugels op de invoer is de machine gemakkelijk te verplaatsen. Op het frame is een noodstop gemonteerd die de motor direct stopt in noodsituaties.<\/p>\n<p>Ook heeft de 750 een inklapstand waarbij de invoer achterover gekanteld kan worden om n\u00f3g minder plek in te nemen in de opslag. Bovendien vergemakkelijkt de inklapstand het onderhoud aan de machine, zoals bij het vervangen van de messen.<\/p>","protected":false},"featured_media":133487,"comment_status":"open","ping_status":"closed","template":"","meta":{"_acf_changed":false},"product_brand":[],"product_cat":[2352],"product_tag":[],"class_list":{"0":"post-120341","1":"product","2":"type-product","3":"status-publish","4":"has-post-thumbnail","6":"product_cat-hakselaar","8":"first","9":"instock","10":"shipping-taxable","11":"purchasable","12":"product-type-simple"},"acf":{"media":{"afbeelding_1":131419,"afbeelding_2":131420,"afbeelding_3":"","afbeelding_4":"","afbeelding_5":"","video":"https:\/\/www.youtube.com\/watch?v=xJQ-3n0IDXU","video_thumbnail":131421},"de":{"titel_en":"","omschrijving_de":"\r\n<p>Der 750 hat die gleichen kompakten Abmessungen wie der 600, aber noch mehr \r\nKapazit\u00e4t durch ein breiteres und schwereres Rotorsystem. Der H\u00e4cksler ist mit \r\neinem starken 9 PS Loncin Motor und direktem Getriebe zum H\u00e4ckselsystem \r\nausgestattet.<\/p>\r\n<p>\u00c4ste bis 7 cm werden automatisch eingezogen und m\u00fchelos zerkleinert, wodurch \r\nein sch\u00f6ner h\u00e4ckselgut entsteht. Das zerkleinerte Material ist ideal als \r\nBodendecker oder Hinterf\u00fcllung von Beeten und Gartenwegen. Es ist auch m\u00f6glich, \r\ngleichzeitig Bl\u00e4tter und anderes weiches Material in die Maschine zu geben, \r\nsodass Gartenabf\u00e4lle als Mulch oder Kompost wiederverwendet werden k\u00f6nnen.<\/p>\r\n<p>Bei einer Auswurfh\u00f6he von 77 cm passt problemlos eine Schubkarre darunter, um \r\ndie Sp\u00e4ne aufzufangen. Der Deflektor ist bis zu 60\u00b0 verstellbar, um die H\u00f6he des \r\nausgeworfenen Materials zu bestimmen. Der 750 ist perfekt ausbalanciert und \r\nsteht auf einem robusten Rahmen mit zwei Luftreifen. Durch die Doppelhalterungen \r\nam Eingang l\u00e4sst sich die Maschine leicht bewegen. Am Rahmen ist einem Not-Aus \r\nmontiert, der den Motor in Notsituationen sofort stoppt.<\/p>\r\n<p>Der 750 verf\u00fcgt au\u00dferdem \u00fcber eine Klappfunktion, in der der Einfuhr nach \r\nhinten gekippt werden kann, um Platz bei der Lagerung zu sparen. Au\u00dferdem \r\nerleichtert die Klappstellung die Wartung der Maschine, z. B. das Auswechseln \r\nder Messer.<\/p>","specs_overview_de":"\r\n<ul>\r\n  <li>H\u00e4cksler 750<\/li>\r\n  <li>Loncin G270F Motor<\/li>\r\n  <li>9 PS<\/li>\r\n  <li>Astst\u00e4rke bis 7 cm<\/li><\/ul>","specs_de":"\r\n<ul>\r\n  <li>Motor: Loncin G270F \r\n  <\/li><li>Leistung: 9 PS \/ 6.6 kW \r\n  <\/li><li>Verdr\u00e4ngung: 270 cc \r\n  <\/li><li>Tankkapazit\u00e4t: 6 l \r\n  <\/li><li>Kraftstoff: Euro98 (E5) \r\n  <\/li><li>\u00d6lsensor \r\n  <\/li><li>Max. Astst\u00e4rke: 7 cm \r\n  <\/li><li>H\u00f6he der Einfuhr: 113 cm \r\n  <\/li><li>Abmessungen Einfuhr: 25 x 31 cm \r\n  <\/li><li>Auswurfh\u00f6he: 85 cm \r\n  <\/li><li>Auswurfrichtung: Hinten \r\n  <\/li><li>Deflektor: stufenlos einstellbar bis zu 60\u00b0 \r\n  <\/li><li>Not-Aus \r\n  <\/li><li>Raddurchmesser: 26 cm \r\n  <\/li><li>R\u00e4der mit Kugellagern \r\n  <\/li><li>PRO Messer + 1 Gegen Messer \r\n  <\/li><li>Abmessungen (L x B x H): 182 x 63 x 148 cm \r\n  <\/li><li>Gewicht: 88 kg<\/li><\/ul>"},"nl":{"specs_overview_nl":"\r\n<ul>\r\n  <li>Houtversnipperaar 750<\/li>\r\n  <li>Loncin G270F motor<\/li>\r\n  <li>9 pk<\/li>\r\n  <li>Diameter takken tot 7 cm<\/li><\/ul>"},"cat":"HAKS","attributes":[{"attribute_acf":"dwactie","term_acf":"False"},{"attribute_acf":"dwartcat_code","term_acf":"HAKS"},{"attribute_acf":"dwcompo","term_acf":"False"},{"attribute_acf":"dwctwebsupgrp_code","term_acf":"HAKS"},{"attribute_acf":"dwfpagekeurd","term_acf":"False"},{"attribute_acf":"dwhaksmotor_code","term_acf":"BENZINE"},{"attribute_acf":"dwhaksserie_code","term_acf":"750"},{"attribute_acf":"dwhakstakdia_code","term_acf":"7"},{"attribute_acf":"dwhaksuitvoer","term_acf":"False"},{"attribute_acf":"dwhaksverpl_code","term_acf":"HAND"},{"attribute_acf":"dwleveringdealer","term_acf":"True"},{"attribute_acf":"dwnieuw","term_acf":"False"},{"attribute_acf":"dwonderdelentekening","term_acf":"False"},{"attribute_acf":"dwpriority","term_acf":"995"},{"attribute_acf":"dwseizoen","term_acf":"True"},{"attribute_acf":"dwvijlbaar","term_acf":"False"},{"attribute_acf":"dwvozinclhoes","term_acf":"False"},{"attribute_acf":"dwvzinclhoes","term_acf":"False"},{"attribute_acf":"dwyoutube","term_acf":"xJQ-3n0IDXU"},{"attribute_acf":"dwzichtbaarparticulier","term_acf":"True"},{"attribute_acf":"dwzichtbaarwebsite","term_acf":"True"},{"attribute_acf":"lift","term_acf":"False"}],"elynx_update_at":"2026-04-26T06:39:48.096Z"},"_links":{"self":[{"href":"https:\/\/gtmprofessional.com\/fr\/wp-json\/wp\/v2\/product\/120341","targetHints":{"allow":["GET"]}}],"collection":[{"href":"https:\/\/gtmprofessional.com\/fr\/wp-json\/wp\/v2\/product"}],"about":[{"href":"https:\/\/gtmprofessional.com\/fr\/wp-json\/wp\/v2\/types\/product"}],"replies":[{"embeddable":true,"href":"https:\/\/gtmprofessional.com\/fr\/wp-json\/wp\/v2\/comments?post=120341"}],"wp:featuredmedia":[{"embeddable":true,"href":"https:\/\/gtmprofessional.com\/fr\/wp-json\/wp\/v2\/media\/133487"}],"wp:attachment":[{"href":"https:\/\/gtmprofessional.com\/fr\/wp-json\/wp\/v2\/media?parent=120341"}],"wp:term":[{"taxonomy":"product_brand","embeddable":true,"href":"https:\/\/gtmprofessional.com\/fr\/wp-json\/wp\/v2\/product_brand?post=120341"},{"taxonomy":"product_cat","embeddable":true,"href":"https:\/\/gtmprofessional.com\/fr\/wp-json\/wp\/v2\/product_cat?post=120341"},{"taxonomy":"product_tag","embeddable":true,"href":"https:\/\/gtmprofessional.com\/fr\/wp-json\/wp\/v2\/product_tag?post=120341"}],"curies":[{"name":"wp","href":"https:\/\/api.w.org\/{rel}","templated":true}]}}